{"id":17144,"date":"2020-05-14T15:45:48","date_gmt":"2020-05-14T15:45:48","guid":{"rendered":"https:\/\/vilaplana.reyesit365.com\/?page_id=17144&#038;lang=it"},"modified":"2020-05-14T15:46:01","modified_gmt":"2020-05-14T15:46:01","slug":"protezione-dati","status":"publish","type":"page","link":"https:\/\/vilaplana.reyesit365.com\/it\/protezione-dati\/","title":{"rendered":"Protezione dati"},"content":{"rendered":"<p>[vc_row css_animation=&#8221;&#8221; row_type=&#8221;row&#8221; use_row_as_full_screen_section=&#8221;no&#8221; type=&#8221;grid&#8221; angled_section=&#8221;no&#8221; text_align=&#8221;left&#8221; background_image_as_pattern=&#8221;without_pattern&#8221; padding_top=&#8221;87&#8243; padding_bottom=&#8221;0&#8243;][vc_column][vc_row_inner row_type=&#8221;row&#8221; type=&#8221;full_width&#8221; text_align=&#8221;left&#8221; css_animation=&#8221;&#8221;][vc_column_inner][vc_empty_space][vc_column_text]<strong>PROTEZIONE DATI <\/strong><\/p>\n<p>&nbsp;<\/p>\n<p>\u201cNel rispetto di quanto disposto nel <strong>Regolamento (UE) 2016\/679 del Parlamento Europeo e del Consiglio, del 27 aprile 2016 (RGPD),<\/strong> La informiamo che i dati saranno incorporati al sistema di trattamento di dati di cui \u00e8 titolare Aitana M\u00e9ndez Vilaplana, Abogado con NIF: 46123402F e sede legale in Avda. Pau Casals, 10 5\u00ba 1\u00aa (08021) di Barcellona, con la finalit\u00e0 di rispondere alle Sue domande e di trasmetterLe informazione relazionata che possa essere di suo interesse. Nel rispetto della normativa vigente, Aitana M\u00e9ndez Vilaplana, Abogado informa che i dati saranno conservati nel termine strettamente necessario per rispettare i precetti menzionati anteriormente.<\/p>\n<p>&nbsp;<\/p>\n<p>Quando non si comunichi il contrario, riterremo che i Suoi dati non sono stati modificati, che Lei si impegna a notificarci qualsiasi variazione e che disponiamo del Suo consenso per utilizzarli per le finalit\u00e0 menzionate.<\/p>\n<p>&nbsp;<\/p>\n<p>Aitana M\u00e9ndez Vilaplana, Abogado informa che proceder\u00e0 a trattare i dati in modo lecito, leale, trasparente, adeguato, pertinente, limitado, esatto e aggiornato. \u00c8 per questo che Aitana M\u00e9ndez Vilaplana, Abogado si impegna ad adottare tutte le misure ragionevoli affinch\u00e8 questi vengano soprressi o rettificati senza dilazione quando siano inesatti.<\/p>\n<p>&nbsp;<\/p>\n<p>Nel rispetto dei diritti conferiti dalla normativa vigente in \u00e1mbito di protezione dati potr\u00e0 esercitare i diritti di accesso, rettificazione, limitazione di trattamento, soppressione, portabilit\u00e0 e opposizione al trattamento dei Suoi dati di carattere personale oltre che del consenso prestato per il trattamento dei medesimi, dirigendo la sua richiesta all\u2019indirizzo postale prima indicato o all\u2019indirizzo di posta elettronica: <a href=\"mailto:info@mendez-vilaplana.com\">info@mendez-vilaplana.com<\/a>.<\/p>\n<p>&nbsp;<\/p>\n<p>A sua volta, La informiamo del fatto che pu\u00f2 contattare il Delegato di Protezione Dati di Aitana M\u00e9ndez Vilaplana, Abogado, dirigendosi per iscritto all\u2019indirizzo di posta elettronica <a href=\"mailto:info@mendez-vilaplana.com\">info@mendez-vilaplana.com<\/a> e chiamare al tel\u00e9fono 93 4184331.<\/p>\n<p>&nbsp;<\/p>\n<p>Potr\u00e0 dirigersi all\u2019Autorit\u00e0 di Controllo competente per presentare il reclamo che consideri opportuno.<\/p>\n<p>&nbsp;<\/p>\n<p>Mediante l\u2019invio del modulo di raccolta di dati Lei accetta la pol\u00edtica di privacy di Aitana M\u00e9ndez Vilaplana, Abogado.[\/vc_column_text][vc_separator type=&#8221;transparent&#8221; up=&#8221;93&#8243; down=&#8221;0&#8243;][vc_empty_space][\/vc_column_inner][\/vc_row_inner][\/vc_column][\/vc_row]<\/p>\n","protected":false},"excerpt":{"rendered":"<p>[vc_row css_animation=&#8221;&#8221; row_type=&#8221;row&#8221; use_row_as_full_screen_section=&#8221;no&#8221; type=&#8221;grid&#8221; angled_section=&#8221;no&#8221; text_align=&#8221;left&#8221; background_image_as_pattern=&#8221;without_pattern&#8221; padding_top=&#8221;87&#8243; padding_bottom=&#8221;0&#8243;][vc_column][vc_row_inner row_type=&#8221;row&#8221; type=&#8221;full_width&#8221; text_align=&#8221;left&#8221; css_animation=&#8221;&#8221;][vc_column_inner][vc_empty_space][vc_column_text]PROTEZIONE DATI &nbsp; \u201cNel rispetto di quanto disposto nel Regolamento (UE) 2016\/679 del Parlamento Europeo e del Consiglio, del 27 aprile 2016 (RGPD), La informiamo che i dati saranno incorporati al sistema&#8230;<\/p>\n","protected":false},"author":1,"featured_media":0,"parent":0,"menu_order":0,"comment_status":"closed","ping_status":"closed","template":"","meta":{"footnotes":""},"class_list":["post-17144","page","type-page","status-publish","hentry"],"yoast_head":"<!-- This site is optimized with the Yoast SEO plugin v26.5 - https:\/\/yoast.com\/wordpress\/plugins\/seo\/ -->\n<title>Protezione dati | Mendez-Vilaplana<\/title>\n<meta name=\"robots\" content=\"index, follow, max-snippet:-1, max-image-preview:large, max-video-preview:-1\" \/>\n<link rel=\"canonical\" href=\"https:\/\/vilaplana.reyesit365.com\/politica-de-privacidad\/\" \/>\n<meta property=\"og:locale\" content=\"it_IT\" \/>\n<meta property=\"og:type\" content=\"article\" \/>\n<meta property=\"og:title\" content=\"Protezione dati | Mendez-Vilaplana\" \/>\n<meta property=\"og:description\" content=\"[vc_row css_animation=&#8221;&#8221; row_type=&#8221;row&#8221; use_row_as_full_screen_section=&#8221;no&#8221; type=&#8221;grid&#8221; angled_section=&#8221;no&#8221; text_align=&#8221;left&#8221; background_image_as_pattern=&#8221;without_pattern&#8221; padding_top=&#8221;87&#8243; padding_bottom=&#8221;0&#8243;][vc_column][vc_row_inner row_type=&#8221;row&#8221; type=&#8221;full_width&#8221; text_align=&#8221;left&#8221; css_animation=&#8221;&#8221;][vc_column_inner][vc_empty_space][vc_column_text]PROTEZIONE DATI &nbsp; \u201cNel rispetto di quanto disposto nel Regolamento (UE) 2016\/679 del Parlamento Europeo e del Consiglio, del 27 aprile 2016 (RGPD), La informiamo che i dati saranno incorporati al sistema...\" \/>\n<meta property=\"og:url\" content=\"https:\/\/vilaplana.reyesit365.com\/politica-de-privacidad\/\" \/>\n<meta property=\"og:site_name\" content=\"Mendez-Vilaplana\" \/>\n<meta property=\"article:modified_time\" content=\"2020-05-14T15:46:01+00:00\" \/>\n<meta name=\"twitter:card\" content=\"summary_large_image\" \/>\n<meta name=\"twitter:label1\" content=\"Est. reading time\" \/>\n\t<meta name=\"twitter:data1\" content=\"2 minutes\" \/>\n<script type=\"application\/ld+json\" class=\"yoast-schema-graph\">{\"@context\":\"https:\/\/schema.org\",\"@graph\":[{\"@type\":\"WebPage\",\"@id\":\"https:\/\/vilaplana.reyesit365.com\/politica-de-privacidad\/\",\"url\":\"https:\/\/vilaplana.reyesit365.com\/politica-de-privacidad\/\",\"name\":\"Protezione dati | Mendez-Vilaplana\",\"isPartOf\":{\"@id\":\"https:\/\/vilaplana.reyesit365.com\/#website\"},\"datePublished\":\"2020-05-14T15:45:48+00:00\",\"dateModified\":\"2020-05-14T15:46:01+00:00\",\"breadcrumb\":{\"@id\":\"https:\/\/vilaplana.reyesit365.com\/politica-de-privacidad\/#breadcrumb\"},\"inLanguage\":\"it-IT\",\"potentialAction\":[{\"@type\":\"ReadAction\",\"target\":[\"https:\/\/vilaplana.reyesit365.com\/politica-de-privacidad\/\"]}]},{\"@type\":\"BreadcrumbList\",\"@id\":\"https:\/\/vilaplana.reyesit365.com\/politica-de-privacidad\/#breadcrumb\",\"itemListElement\":[{\"@type\":\"ListItem\",\"position\":1,\"name\":\"Portada\",\"item\":\"https:\/\/vilaplana.reyesit365.com\/it\/\"},{\"@type\":\"ListItem\",\"position\":2,\"name\":\"Protezione dati\"}]},{\"@type\":\"WebSite\",\"@id\":\"https:\/\/vilaplana.reyesit365.com\/#website\",\"url\":\"https:\/\/vilaplana.reyesit365.com\/\",\"name\":\"Mendez-Vilaplana, Estudio Jur\u00eddico\",\"description\":\"Estudio Jur\u00eddico\",\"publisher\":{\"@id\":\"https:\/\/vilaplana.reyesit365.com\/#organization\"},\"potentialAction\":[{\"@type\":\"SearchAction\",\"target\":{\"@type\":\"EntryPoint\",\"urlTemplate\":\"https:\/\/vilaplana.reyesit365.com\/?s={search_term_string}\"},\"query-input\":{\"@type\":\"PropertyValueSpecification\",\"valueRequired\":true,\"valueName\":\"search_term_string\"}}],\"inLanguage\":\"it-IT\"},{\"@type\":\"Organization\",\"@id\":\"https:\/\/vilaplana.reyesit365.com\/#organization\",\"name\":\"Mendez - Vilaplana\",\"url\":\"https:\/\/vilaplana.reyesit365.com\/\",\"logo\":{\"@type\":\"ImageObject\",\"inLanguage\":\"it-IT\",\"@id\":\"https:\/\/vilaplana.reyesit365.com\/#\/schema\/logo\/image\/\",\"url\":\"https:\/\/vilaplana.reyesit365.com\/wp-content\/uploads\/2020\/05\/hhj.jpg\",\"contentUrl\":\"https:\/\/vilaplana.reyesit365.com\/wp-content\/uploads\/2020\/05\/hhj.jpg\",\"width\":794,\"height\":202,\"caption\":\"Mendez - Vilaplana\"},\"image\":{\"@id\":\"https:\/\/vilaplana.reyesit365.com\/#\/schema\/logo\/image\/\"}}]}<\/script>\n<!-- \/ Yoast SEO plugin. -->","yoast_head_json":{"title":"Protezione dati | Mendez-Vilaplana","robots":{"index":"index","follow":"follow","max-snippet":"max-snippet:-1","max-image-preview":"max-image-preview:large","max-video-preview":"max-video-preview:-1"},"canonical":"https:\/\/vilaplana.reyesit365.com\/politica-de-privacidad\/","og_locale":"it_IT","og_type":"article","og_title":"Protezione dati | Mendez-Vilaplana","og_description":"[vc_row css_animation=&#8221;&#8221; row_type=&#8221;row&#8221; use_row_as_full_screen_section=&#8221;no&#8221; type=&#8221;grid&#8221; angled_section=&#8221;no&#8221; text_align=&#8221;left&#8221; background_image_as_pattern=&#8221;without_pattern&#8221; padding_top=&#8221;87&#8243; padding_bottom=&#8221;0&#8243;][vc_column][vc_row_inner row_type=&#8221;row&#8221; type=&#8221;full_width&#8221; text_align=&#8221;left&#8221; css_animation=&#8221;&#8221;][vc_column_inner][vc_empty_space][vc_column_text]PROTEZIONE DATI &nbsp; \u201cNel rispetto di quanto disposto nel Regolamento (UE) 2016\/679 del Parlamento Europeo e del Consiglio, del 27 aprile 2016 (RGPD), La informiamo che i dati saranno incorporati al sistema...","og_url":"https:\/\/vilaplana.reyesit365.com\/politica-de-privacidad\/","og_site_name":"Mendez-Vilaplana","article_modified_time":"2020-05-14T15:46:01+00:00","twitter_card":"summary_large_image","twitter_misc":{"Est. reading time":"2 minutes"},"schema":{"@context":"https:\/\/schema.org","@graph":[{"@type":"WebPage","@id":"https:\/\/vilaplana.reyesit365.com\/politica-de-privacidad\/","url":"https:\/\/vilaplana.reyesit365.com\/politica-de-privacidad\/","name":"Protezione dati | Mendez-Vilaplana","isPartOf":{"@id":"https:\/\/vilaplana.reyesit365.com\/#website"},"datePublished":"2020-05-14T15:45:48+00:00","dateModified":"2020-05-14T15:46:01+00:00","breadcrumb":{"@id":"https:\/\/vilaplana.reyesit365.com\/politica-de-privacidad\/#breadcrumb"},"inLanguage":"it-IT","potentialAction":[{"@type":"ReadAction","target":["https:\/\/vilaplana.reyesit365.com\/politica-de-privacidad\/"]}]},{"@type":"BreadcrumbList","@id":"https:\/\/vilaplana.reyesit365.com\/politica-de-privacidad\/#breadcrumb","itemListElement":[{"@type":"ListItem","position":1,"name":"Portada","item":"https:\/\/vilaplana.reyesit365.com\/it\/"},{"@type":"ListItem","position":2,"name":"Protezione dati"}]},{"@type":"WebSite","@id":"https:\/\/vilaplana.reyesit365.com\/#website","url":"https:\/\/vilaplana.reyesit365.com\/","name":"Mendez-Vilaplana, Estudio Jur\u00eddico","description":"Estudio Jur\u00eddico","publisher":{"@id":"https:\/\/vilaplana.reyesit365.com\/#organization"},"potentialAction":[{"@type":"SearchAction","target":{"@type":"EntryPoint","urlTemplate":"https:\/\/vilaplana.reyesit365.com\/?s={search_term_string}"},"query-input":{"@type":"PropertyValueSpecification","valueRequired":true,"valueName":"search_term_string"}}],"inLanguage":"it-IT"},{"@type":"Organization","@id":"https:\/\/vilaplana.reyesit365.com\/#organization","name":"Mendez - Vilaplana","url":"https:\/\/vilaplana.reyesit365.com\/","logo":{"@type":"ImageObject","inLanguage":"it-IT","@id":"https:\/\/vilaplana.reyesit365.com\/#\/schema\/logo\/image\/","url":"https:\/\/vilaplana.reyesit365.com\/wp-content\/uploads\/2020\/05\/hhj.jpg","contentUrl":"https:\/\/vilaplana.reyesit365.com\/wp-content\/uploads\/2020\/05\/hhj.jpg","width":794,"height":202,"caption":"Mendez - Vilaplana"},"image":{"@id":"https:\/\/vilaplana.reyesit365.com\/#\/schema\/logo\/image\/"}}]}},"_links":{"self":[{"href":"https:\/\/vilaplana.reyesit365.com\/it\/wp-json\/wp\/v2\/pages\/17144","targetHints":{"allow":["GET"]}}],"collection":[{"href":"https:\/\/vilaplana.reyesit365.com\/it\/wp-json\/wp\/v2\/pages"}],"about":[{"href":"https:\/\/vilaplana.reyesit365.com\/it\/wp-json\/wp\/v2\/types\/page"}],"author":[{"embeddable":true,"href":"https:\/\/vilaplana.reyesit365.com\/it\/wp-json\/wp\/v2\/users\/1"}],"replies":[{"embeddable":true,"href":"https:\/\/vilaplana.reyesit365.com\/it\/wp-json\/wp\/v2\/comments?post=17144"}],"version-history":[{"count":1,"href":"https:\/\/vilaplana.reyesit365.com\/it\/wp-json\/wp\/v2\/pages\/17144\/revisions"}],"predecessor-version":[{"id":17145,"href":"https:\/\/vilaplana.reyesit365.com\/it\/wp-json\/wp\/v2\/pages\/17144\/revisions\/17145"}],"wp:attachment":[{"href":"https:\/\/vilaplana.reyesit365.com\/it\/wp-json\/wp\/v2\/media?parent=17144"}],"curies":[{"name":"wp","href":"https:\/\/api.w.org\/{rel}","templated":true}]}}