{"id":17137,"date":"2020-04-29T12:10:51","date_gmt":"2020-04-29T12:10:51","guid":{"rendered":"https:\/\/vilaplana.reyesit365.com\/aviso-legal\/?lang=it"},"modified":"2020-05-14T15:43:35","modified_gmt":"2020-05-14T15:43:35","slug":"aviso-legal","status":"publish","type":"page","link":"https:\/\/vilaplana.reyesit365.com\/it\/aviso-legal\/","title":{"rendered":"Avviso legale"},"content":{"rendered":"<p>[vc_row css_animation=&#8221;&#8221; row_type=&#8221;row&#8221; use_row_as_full_screen_section=&#8221;no&#8221; type=&#8221;grid&#8221; angled_section=&#8221;no&#8221; text_align=&#8221;left&#8221; background_image_as_pattern=&#8221;without_pattern&#8221; padding_top=&#8221;87&#8243; padding_bottom=&#8221;0&#8243;][vc_column][vc_row_inner row_type=&#8221;row&#8221; type=&#8221;full_width&#8221; text_align=&#8221;left&#8221; css_animation=&#8221;&#8221;][vc_column_inner][vc_empty_space][vc_column_text]<\/p>\n<p style=\"text-align: justify;\"><strong>AVVISO LEGALE<\/strong><\/p>\n<p style=\"text-align: justify;\">Nel rispetto di quanto disposto dal <strong>Regolamento (UE) 2016\/679 del Parlamento Europeo y del Consiglio, del 27 aprile de 2016 ( RGPD),<\/strong> le informiamo che i dati forniti saranno trattati da Aitana M\u00e9ndez, Vilaplana, Abogado, con NIF: 46123402F e con sede legale in Avda. Pau Casals, 10 5\u00ba 1\u00aa (08021), Barcellona.<\/p>\n<p>&nbsp;<\/p>\n<p style=\"text-align: justify;\"><strong>Sede Legale<\/strong><\/p>\n<p style=\"text-align: justify;\">Avda. Pau Casals, 10 5\u00ba 1\u00aa (08021), Barcellona, posta elettronica <a href=\"mailto:info@mendez-vilaplana.com\">info@mendez-vilaplana.com<\/a> e tel\u00e9fono: 93 4184331.<\/p>\n<p>&nbsp;<\/p>\n<p>&nbsp;<\/p>\n<p style=\"text-align: justify;\"><strong>Oggetto:<\/strong><\/p>\n<p style=\"text-align: justify;\">Aitana M\u00e9ndez, Vilaplana, Abogado, da qui in avanti, il prestatore, responsabile della pagina web <a href=\"https:\/\/vilaplana.reyesit365.com\">https:\/\/vilaplana.reyesit365.com<\/a>, mette a disposizione degli utenti il presente documento mediante il quale intende rispettare gli obblighi previsti dalla <strong>Legge 34\/2002, di<em> Servicios de la Sociedad de la Informaci\u00f3n y del Comercio Electr\u00f3nico<\/em> (<em>LSSI-C E<\/em><\/strong><em>),<\/em> oltre a informare tutti gli utenti della pagina web circa le condizioni di uso del sito web.<\/p>\n<p>&nbsp;<\/p>\n<p style=\"text-align: justify;\">Ogni persona che acceda a questa pagina web asume il ruolo di utente, obbligandosi ad osservare e a rispettare rigorosamente le disposizione qui indicate, oltre a qualsivoglia altra disposizione legale applicabile.<\/p>\n<p>&nbsp;<\/p>\n<p style=\"text-align: justify;\">Il prestatore si reserva il diritto di modificare qualsiasi tipo di informazione che potesse apparire nel sito web, senza che ci sia l\u2019obbligo di preavvisare o di dare a connoscere agli utenti tali obblighi, considerandosi sufficiente la pubblicazione nella pagina web del prestatore.<\/p>\n<p>&nbsp;<\/p>\n<p style=\"text-align: justify;\"><strong>Responsabilit\u00e0<\/strong><\/p>\n<p style=\"text-align: justify;\">Il prestatore si esime da qualsiasi tipo di responsabilit\u00e0 derivante dalle informazioni pubblicate sul suo sito web, quando tali informazioni siano state manipolate o introdotte da un terzo fuori dal suo controllo.<\/p>\n<p>&nbsp;<\/p>\n<p style=\"text-align: justify;\">Il sito web pu\u00f2 utilizzare cookies (piccoli file con informazioni che il server invia al computer di chi accede alla pagina) per portare a termine determinate funzioni che sono consid\u00e9rate imprescindibili per il corretto funzionamento e visualizzazione del sito. I cookies utilizzati nel sito web hanno, in ogni caso, carattere temporale con l\u2019unica finalit\u00e0 di rendere pi\u00f9 efficace la loro ulteriore trasmissione e scompariranno poco tempo dopo la chiusura della sessione da parte dell\u2019utente. In nessun caso si utilizzeranno i cookies per raccogliere informazioni di carattere personale.<\/p>\n<p>&nbsp;<\/p>\n<p style=\"text-align: justify;\">Dal sito web del cliente \u00e8 possibile che si venga rediretti a contenuti di pagine web di terzi. Dato che il prestatore non pu\u00f2 controllare pienamente i contenuti introdotti da terzi nelle loro pagine web, questi non assume nessun tipo di responsabilit\u00e0 rispetto a tali contenuti. Il prestatore manifesta che proceder\u00e0 al ritiro inmediato di qualsiasi contenuto che possa contravvenire la legislazione nazionale o internazionale, la morale o l\u2019ordine pubblico, procedendo al ritiro immediato dell\u2019reindirizzamento a tale sito web, informando le autorit\u00e0 competenti del contenuto in questione.<\/p>\n<p>&nbsp;<\/p>\n<p style=\"text-align: justify;\">Il prestatore non assume la responsabilit\u00e0 in relazione alle informazioni e ai contenuti presenti, a titolo di informazione e senza carattere limitativo, in forums, chat, blog, post, commenti, reti sociali o qualsiasi altro mezzo che permetta a terzi di pubblicare contenuti in modo indipendente nella pagina web del prestatore. Nonostante ci\u00f2 e nel rispetto di quanto disposto negli Art. 11 e 16 della LSSI-CE, il prestatore si mette a disposizione di tutti gli utenti, autorit\u00e0 e forze di sicurezza, e colaborando in modo attivo al ritiro o eventualmente al blocco di tutti quei contenuti che potessero pregiudicare o contravvenire la legislazione nazionale, o internazionale, diritti di terzi o la morale e l\u2019ordine pubblico. Nel caso in cui l\u2019utente consideri che esiste nella pagina web qualche contenuto che potrebbe essere suscettibile di tale classificazione, preghiamo che lo notifichi inmediatamente all\u2019amministratore della pagina web.<\/p>\n<p>&nbsp;<\/p>\n<p style=\"text-align: justify;\">Questo sito web \u00e8 stato verificato e testato per il suo corretto funzionamento. Nonostante ci\u00f2, il prestatore non esclude che esista la possiblit\u00e0 che vi siano certi errori di programmazione, o che si verifichino cause di forza maggiore, catastrofi naturali, scioperi o circostanze analoghe che rendano impossibile l\u2019accesso alla pagina web.<\/p>\n<p>&nbsp;<\/p>\n<p style=\"text-align: justify;\"><strong>Propiet\u00e0 intellettuale e industriale<\/strong><\/p>\n<p style=\"text-align: justify;\">Il sito web, includendo a titolo di informazione e senza carattere limitativo la sua programmazione, modifiche, compilazione e altri elementi necessari per il suo funzionamento, i design, i logotipi, testi e\/o grafiche sono di propriet\u00e0 del prestatore o eventualmente dispone di licenza o di autorizzazione espressa da parte degli autori. Tutti i contenuti del sito web sono oportunamente protetti dalla normativa di propriet\u00e0 intellettuale e industriale, oltre che iscritti nei relativi registri pubblici.<\/p>\n<p>&nbsp;<\/p>\n<p style=\"text-align: justify;\">La riproduzione totale o parziale, l\u2019uso, lo sfruttamento, distribuzione e commercio, richiedono in ogni caso la previa autorizzazione scritta da parte del prestatore. Qualsiasi uso non autorizzato previamente da parte del prestatore sar\u00e0 considerata un\u2019infrazione grave dei diritti di propriet\u00e0 intellettuale o industriale dell\u2019autore.<\/p>\n<p>&nbsp;<\/p>\n<p style=\"text-align: justify;\">Il design, i logotipi, i testi e\/o le grafiche estranei al prestatore e che potessero apparire nel sito web, appartengono ai loro rispettivi proprietari, essendo loro stessi responsabili di qualsiasi possibile controversia che dovesse nascere in relazione agli stessi. In ogni caso, il prestatore \u00e8 autorizzato espressamente e previamente da parte dei medesimi.<\/p>\n<p>&nbsp;<\/p>\n<p style=\"text-align: justify;\">Il prestatore riconosce a favore dei loro titolari i corrispondenti diritti di propriet\u00e0 industriale e intellettuale, non implicando la mera menzione o apparizione sulla pagina web l\u2019esistenza di diritti o di responsabilit\u00e0 alcuna del prestatore sugli stessi, e neppure l\u2019appoggio, patrocinio o raccomandazione da parte del medesimo.<\/p>\n<p>&nbsp;<\/p>\n<p style=\"text-align: justify;\">Per realizzare qualsiasi tipo di osservazione rispetto a possibili infrazioni dei diritti di propriet\u00e0 intellettuale o industriale, oltre che circa qualsiasi contenuto del sito web, pu\u00f2 farlo attraverso il seguente indirizzo di posta elettronica: <a href=\"mailto:info@mendez-vilaplana.com\">info@mendez-vilaplana.com<\/a>.<\/p>\n<p>&nbsp;<\/p>\n<p style=\"text-align: justify;\"><strong>Cookies<\/strong><\/p>\n<p style=\"text-align: justify;\">I cookies sono files inviati a un navigatore attraverso un server web per registrare alcune attivit\u00e0 dell\u2019utente nel sito web. I cookies che si istallano quando si visita questo sito web non danneggiano in nessun modo il suo dispositivo. Solamente riconoscono il dispositivo che utilizza, permettendo di accedere a varie funzioni importanti del sito web, mantengono sicure aree private del sito web, ricordano le sue preferenze, ecc.<\/p>\n<p style=\"text-align: justify;\">Per attivare\/disattivare i cookies dovr\u00e0 farlo attraverso il suo navigatore di Internet. Pu\u00f2 configurarlo per essere avvisato sullo schermo circa la ricezione dei cookies e accettarli o meno individualmente oltre che per impedire sempre la loro istallazione sul disco duro. Nel caso in cui il suo navigatore non accetti i cookies per configurazione, la Sua esperienza sul sito web pu\u00f2 essere limitata.<\/p>\n<p>&nbsp;<\/p>\n<p style=\"text-align: justify;\"><strong>Protezione di dati personali<\/strong><\/p>\n<p style=\"text-align: justify;\">Il prestatore \u00e8 obbligato a rispettare la normativa spagnola di protezione di dati di carattere personale, e garantisce il rispetto integro degli obblighi previsti, oltre all\u2019implementazione delle misure di sicurezza disposte nell\u2019Art. 9 della Legge 15\/1999, di Protezione di Dati di Carattere Personale (LOPD) e il Regolamento attuativo della LOPD.<\/p>\n<p>&nbsp;<\/p>\n<p style=\"text-align: justify;\">Il prestatore mette a disposizione degli utenti una clausola informativa informando gli utenti, nel momento in cui forniscono i loro dati personali.<\/p>\n<p>&nbsp;<\/p>\n<p style=\"text-align: justify;\">Una volta attinti i dati personali attraverso <a href=\"https:\/\/vilaplana.reyesit365.com\">https:\/\/vilaplana.reyesit365.com<\/a> l\u2019utente sar\u00e0 l\u2019unico responsabile a causa della compilazione dei moduli con dati falsi, inesatti, incompleti o non aggiornati, essendo previamente informato, in modo chiaro e inequivocabile, del fatto che i Dati Personali forniti saranno incorporati a un file di trattamento di dati di carattere personale, il cui titolare e responsabile \u00e8 Aitana M\u00e9ndez Vilaplana, Abogado, iscritto adeguatamente nel Registro dell\u2019Agenzia Spagnola di Protezione Dati.<\/p>\n<p>&nbsp;<\/p>\n<p style=\"text-align: justify;\">Aitana M\u00e9ndez Vilaplana, Abogado includer\u00e0 la Sua e-mail per la realizzazione di segmentazioni o profili personali. Inoltre Le invieremo informazioni utilizando l\u2019indirizzo di posta elettronica che Lei ci abbia indicato.<\/p>\n<p>&nbsp;<\/p>\n<p style=\"text-align: justify;\">In qualsiasi momento potr\u00e0 revocare tale consenso, mediante l\u2019invio di un\u2019email con l\u2019indicazione \u201crevocaci\u00f3n consentimiento informaci\u00f3n\u201d all\u2019indirizzo e-mail: <a href=\"mailto:info@mendez-vilaplana.com\">info@mendez-vilaplana.com<\/a>.<\/p>\n<p>&nbsp;<\/p>\n<p style=\"text-align: justify;\">L\u2019utente e il cessionario dei dati personali potranno esercitare i loro diritti di acceso, rettificazione, cancellazione e opposizione mediante comunicazione scritta diretta a: <a href=\"mailto:info@mendez-vilaplana.com\">info@mendez-vilaplana.com<\/a>.<\/p>\n<p>&nbsp;<\/p>\n<p style=\"text-align: justify;\">Aitana M\u00e9ndez, Vilaplana, Abogado: Avda. Pau Casals, 10 5\u00ba 1\u00aa (08021), Barcellona.<\/p>\n<p style=\"text-align: justify;\">posta elettronica <a href=\"mailto:info@mendez-vilaplana.com\">info@mendez-vilaplana.com<\/a><\/p>\n<p style=\"text-align: justify;\">tel\u00e9fono: 93 4184331.<\/p>\n<p>&nbsp;<\/p>\n<p style=\"text-align: justify;\"><strong>Propriet\u00e0 Intellettuale e industriale<\/strong><\/p>\n<p style=\"text-align: justify;\">Per la risoluzione di tutte le controversie o questioni relazionate al presente sito web o alle attivit\u00e0 svolte nel medesimo, si applicher\u00e0 la legislazione spagnola, alla quale le parti si sottomettono espressamente, essendo competenti per la risoluzione di tutti i conflitti derivanti o relazionati con il lsuo uso i Tribunali e le Corti di Barcellona.<\/p>\n<p>&nbsp;<\/p>\n<p style=\"text-align: justify;\">Sono riservati tutti i diritti di autore dalle leggi e dai trattati internazionali di propriet\u00e0 intellettuale. Resta espressamente proibita la sua copia, riproduzione o diffusione, totale o parziale, mediante qualsiasi mezzo, senza l\u2019autorizzazione scritta ed esplicita di Aitana M\u00e9ndez Vilaplana, Abogado.<\/p>\n<p>[\/vc_column_text][vc_separator type=&#8221;transparent&#8221; up=&#8221;93&#8243; down=&#8221;0&#8243;][vc_empty_space][\/vc_column_inner][\/vc_row_inner][\/vc_column][\/vc_row]<\/p>\n","protected":false},"excerpt":{"rendered":"<p>[vc_row css_animation=&#8221;&#8221; row_type=&#8221;row&#8221; use_row_as_full_screen_section=&#8221;no&#8221; type=&#8221;grid&#8221; angled_section=&#8221;no&#8221; text_align=&#8221;left&#8221; background_image_as_pattern=&#8221;without_pattern&#8221; padding_top=&#8221;87&#8243; padding_bottom=&#8221;0&#8243;][vc_column][vc_row_inner row_type=&#8221;row&#8221; type=&#8221;full_width&#8221; text_align=&#8221;left&#8221; css_animation=&#8221;&#8221;][vc_column_inner][vc_empty_space][vc_column_text] AVVISO LEGALE Nel rispetto di quanto disposto dal Regolamento (UE) 2016\/679 del Parlamento Europeo y del Consiglio, del 27 aprile de 2016 ( RGPD), le informiamo che i dati forniti saranno&#8230;<\/p>\n","protected":false},"author":1,"featured_media":0,"parent":0,"menu_order":0,"comment_status":"closed","ping_status":"closed","template":"","meta":{"footnotes":""},"class_list":["post-17137","page","type-page","status-publish","hentry"],"yoast_head":"<!-- This site is optimized with the Yoast SEO plugin v26.5 - https:\/\/yoast.com\/wordpress\/plugins\/seo\/ -->\n<title>Avviso legale | Mendez-Vilaplana<\/title>\n<meta name=\"robots\" content=\"index, follow, max-snippet:-1, max-image-preview:large, max-video-preview:-1\" \/>\n<link rel=\"canonical\" href=\"https:\/\/vilaplana.reyesit365.com\/aviso-legal\/\" \/>\n<meta property=\"og:locale\" content=\"it_IT\" \/>\n<meta property=\"og:type\" content=\"article\" \/>\n<meta property=\"og:title\" content=\"Avviso legale | Mendez-Vilaplana\" \/>\n<meta property=\"og:description\" content=\"[vc_row css_animation=&#8221;&#8221; row_type=&#8221;row&#8221; use_row_as_full_screen_section=&#8221;no&#8221; type=&#8221;grid&#8221; angled_section=&#8221;no&#8221; text_align=&#8221;left&#8221; background_image_as_pattern=&#8221;without_pattern&#8221; padding_top=&#8221;87&#8243; padding_bottom=&#8221;0&#8243;][vc_column][vc_row_inner row_type=&#8221;row&#8221; type=&#8221;full_width&#8221; text_align=&#8221;left&#8221; css_animation=&#8221;&#8221;][vc_column_inner][vc_empty_space][vc_column_text] AVVISO LEGALE Nel rispetto di quanto disposto dal Regolamento (UE) 2016\/679 del Parlamento Europeo y del Consiglio, del 27 aprile de 2016 ( RGPD), le informiamo che i dati forniti saranno...\" \/>\n<meta property=\"og:url\" content=\"https:\/\/vilaplana.reyesit365.com\/aviso-legal\/\" \/>\n<meta property=\"og:site_name\" content=\"Mendez-Vilaplana\" \/>\n<meta property=\"article:modified_time\" content=\"2020-05-14T15:43:35+00:00\" \/>\n<meta name=\"twitter:card\" content=\"summary_large_image\" \/>\n<meta name=\"twitter:label1\" content=\"Est. reading time\" \/>\n\t<meta name=\"twitter:data1\" content=\"7 minutes\" \/>\n<script type=\"application\/ld+json\" class=\"yoast-schema-graph\">{\"@context\":\"https:\/\/schema.org\",\"@graph\":[{\"@type\":\"WebPage\",\"@id\":\"https:\/\/vilaplana.reyesit365.com\/aviso-legal\/\",\"url\":\"https:\/\/vilaplana.reyesit365.com\/aviso-legal\/\",\"name\":\"Avviso legale | Mendez-Vilaplana\",\"isPartOf\":{\"@id\":\"https:\/\/vilaplana.reyesit365.com\/#website\"},\"datePublished\":\"2020-04-29T12:10:51+00:00\",\"dateModified\":\"2020-05-14T15:43:35+00:00\",\"breadcrumb\":{\"@id\":\"https:\/\/vilaplana.reyesit365.com\/aviso-legal\/#breadcrumb\"},\"inLanguage\":\"it-IT\",\"potentialAction\":[{\"@type\":\"ReadAction\",\"target\":[\"https:\/\/vilaplana.reyesit365.com\/aviso-legal\/\"]}]},{\"@type\":\"BreadcrumbList\",\"@id\":\"https:\/\/vilaplana.reyesit365.com\/aviso-legal\/#breadcrumb\",\"itemListElement\":[{\"@type\":\"ListItem\",\"position\":1,\"name\":\"Portada\",\"item\":\"https:\/\/vilaplana.reyesit365.com\/it\/\"},{\"@type\":\"ListItem\",\"position\":2,\"name\":\"Avviso legale\"}]},{\"@type\":\"WebSite\",\"@id\":\"https:\/\/vilaplana.reyesit365.com\/#website\",\"url\":\"https:\/\/vilaplana.reyesit365.com\/\",\"name\":\"Mendez-Vilaplana, Estudio Jur\u00eddico\",\"description\":\"Estudio Jur\u00eddico\",\"publisher\":{\"@id\":\"https:\/\/vilaplana.reyesit365.com\/#organization\"},\"potentialAction\":[{\"@type\":\"SearchAction\",\"target\":{\"@type\":\"EntryPoint\",\"urlTemplate\":\"https:\/\/vilaplana.reyesit365.com\/?s={search_term_string}\"},\"query-input\":{\"@type\":\"PropertyValueSpecification\",\"valueRequired\":true,\"valueName\":\"search_term_string\"}}],\"inLanguage\":\"it-IT\"},{\"@type\":\"Organization\",\"@id\":\"https:\/\/vilaplana.reyesit365.com\/#organization\",\"name\":\"Mendez - Vilaplana\",\"url\":\"https:\/\/vilaplana.reyesit365.com\/\",\"logo\":{\"@type\":\"ImageObject\",\"inLanguage\":\"it-IT\",\"@id\":\"https:\/\/vilaplana.reyesit365.com\/#\/schema\/logo\/image\/\",\"url\":\"https:\/\/vilaplana.reyesit365.com\/wp-content\/uploads\/2020\/05\/hhj.jpg\",\"contentUrl\":\"https:\/\/vilaplana.reyesit365.com\/wp-content\/uploads\/2020\/05\/hhj.jpg\",\"width\":794,\"height\":202,\"caption\":\"Mendez - Vilaplana\"},\"image\":{\"@id\":\"https:\/\/vilaplana.reyesit365.com\/#\/schema\/logo\/image\/\"}}]}<\/script>\n<!-- \/ Yoast SEO plugin. -->","yoast_head_json":{"title":"Avviso legale | Mendez-Vilaplana","robots":{"index":"index","follow":"follow","max-snippet":"max-snippet:-1","max-image-preview":"max-image-preview:large","max-video-preview":"max-video-preview:-1"},"canonical":"https:\/\/vilaplana.reyesit365.com\/aviso-legal\/","og_locale":"it_IT","og_type":"article","og_title":"Avviso legale | Mendez-Vilaplana","og_description":"[vc_row css_animation=&#8221;&#8221; row_type=&#8221;row&#8221; use_row_as_full_screen_section=&#8221;no&#8221; type=&#8221;grid&#8221; angled_section=&#8221;no&#8221; text_align=&#8221;left&#8221; background_image_as_pattern=&#8221;without_pattern&#8221; padding_top=&#8221;87&#8243; padding_bottom=&#8221;0&#8243;][vc_column][vc_row_inner row_type=&#8221;row&#8221; type=&#8221;full_width&#8221; text_align=&#8221;left&#8221; css_animation=&#8221;&#8221;][vc_column_inner][vc_empty_space][vc_column_text] AVVISO LEGALE Nel rispetto di quanto disposto dal Regolamento (UE) 2016\/679 del Parlamento Europeo y del Consiglio, del 27 aprile de 2016 ( RGPD), le informiamo che i dati forniti saranno...","og_url":"https:\/\/vilaplana.reyesit365.com\/aviso-legal\/","og_site_name":"Mendez-Vilaplana","article_modified_time":"2020-05-14T15:43:35+00:00","twitter_card":"summary_large_image","twitter_misc":{"Est. reading time":"7 minutes"},"schema":{"@context":"https:\/\/schema.org","@graph":[{"@type":"WebPage","@id":"https:\/\/vilaplana.reyesit365.com\/aviso-legal\/","url":"https:\/\/vilaplana.reyesit365.com\/aviso-legal\/","name":"Avviso legale | Mendez-Vilaplana","isPartOf":{"@id":"https:\/\/vilaplana.reyesit365.com\/#website"},"datePublished":"2020-04-29T12:10:51+00:00","dateModified":"2020-05-14T15:43:35+00:00","breadcrumb":{"@id":"https:\/\/vilaplana.reyesit365.com\/aviso-legal\/#breadcrumb"},"inLanguage":"it-IT","potentialAction":[{"@type":"ReadAction","target":["https:\/\/vilaplana.reyesit365.com\/aviso-legal\/"]}]},{"@type":"BreadcrumbList","@id":"https:\/\/vilaplana.reyesit365.com\/aviso-legal\/#breadcrumb","itemListElement":[{"@type":"ListItem","position":1,"name":"Portada","item":"https:\/\/vilaplana.reyesit365.com\/it\/"},{"@type":"ListItem","position":2,"name":"Avviso legale"}]},{"@type":"WebSite","@id":"https:\/\/vilaplana.reyesit365.com\/#website","url":"https:\/\/vilaplana.reyesit365.com\/","name":"Mendez-Vilaplana, Estudio Jur\u00eddico","description":"Estudio Jur\u00eddico","publisher":{"@id":"https:\/\/vilaplana.reyesit365.com\/#organization"},"potentialAction":[{"@type":"SearchAction","target":{"@type":"EntryPoint","urlTemplate":"https:\/\/vilaplana.reyesit365.com\/?s={search_term_string}"},"query-input":{"@type":"PropertyValueSpecification","valueRequired":true,"valueName":"search_term_string"}}],"inLanguage":"it-IT"},{"@type":"Organization","@id":"https:\/\/vilaplana.reyesit365.com\/#organization","name":"Mendez - Vilaplana","url":"https:\/\/vilaplana.reyesit365.com\/","logo":{"@type":"ImageObject","inLanguage":"it-IT","@id":"https:\/\/vilaplana.reyesit365.com\/#\/schema\/logo\/image\/","url":"https:\/\/vilaplana.reyesit365.com\/wp-content\/uploads\/2020\/05\/hhj.jpg","contentUrl":"https:\/\/vilaplana.reyesit365.com\/wp-content\/uploads\/2020\/05\/hhj.jpg","width":794,"height":202,"caption":"Mendez - Vilaplana"},"image":{"@id":"https:\/\/vilaplana.reyesit365.com\/#\/schema\/logo\/image\/"}}]}},"_links":{"self":[{"href":"https:\/\/vilaplana.reyesit365.com\/it\/wp-json\/wp\/v2\/pages\/17137","targetHints":{"allow":["GET"]}}],"collection":[{"href":"https:\/\/vilaplana.reyesit365.com\/it\/wp-json\/wp\/v2\/pages"}],"about":[{"href":"https:\/\/vilaplana.reyesit365.com\/it\/wp-json\/wp\/v2\/types\/page"}],"author":[{"embeddable":true,"href":"https:\/\/vilaplana.reyesit365.com\/it\/wp-json\/wp\/v2\/users\/1"}],"replies":[{"embeddable":true,"href":"https:\/\/vilaplana.reyesit365.com\/it\/wp-json\/wp\/v2\/comments?post=17137"}],"version-history":[{"count":3,"href":"https:\/\/vilaplana.reyesit365.com\/it\/wp-json\/wp\/v2\/pages\/17137\/revisions"}],"predecessor-version":[{"id":17143,"href":"https:\/\/vilaplana.reyesit365.com\/it\/wp-json\/wp\/v2\/pages\/17137\/revisions\/17143"}],"wp:attachment":[{"href":"https:\/\/vilaplana.reyesit365.com\/it\/wp-json\/wp\/v2\/media?parent=17137"}],"curies":[{"name":"wp","href":"https:\/\/api.w.org\/{rel}","templated":true}]}}