{"id":17114,"date":"2014-05-21T07:29:30","date_gmt":"2014-05-21T07:29:30","guid":{"rendered":"https:\/\/vilaplana.reyesit365.com\/equipo\/?lang=it"},"modified":"2023-03-21T15:44:10","modified_gmt":"2023-03-21T15:44:10","slug":"equipo","status":"publish","type":"page","link":"https:\/\/vilaplana.reyesit365.com\/it\/equipo\/","title":{"rendered":"TEAM"},"content":{"rendered":"<p>[vc_row css_animation=&#8221;&#8221; row_type=&#8221;row&#8221; use_row_as_full_screen_section=&#8221;no&#8221; type=&#8221;full_width&#8221; angled_section=&#8221;no&#8221; text_align=&#8221;left&#8221; background_image_as_pattern=&#8221;without_pattern&#8221;][vc_column]\n\t\t\t<!-- START equipo it REVOLUTION SLIDER 6.2.2 --><p class=\"rs-p-wp-fix\"><\/p>\n\t\t\t<rs-module-wrap id=\"rev_slider_15_1_wrapper\" data-source=\"gallery\" style=\"background:transparent;padding:0;margin:0px auto;margin-top:0;margin-bottom:0;\">\n\t\t\t\t<rs-module id=\"rev_slider_15_1\" style=\"display:none;\" data-version=\"6.2.2\">\n\t\t\t\t\t<rs-slides>\n\t\t\t\t\t\t<rs-slide data-key=\"rs-64\" data-title=\"Slide\" data-anim=\"ei:d;eo:d;s:1000;r:0;t:fade;sl:0;\">\n\t\t\t\t\t\t\t<img fetchpriority=\"high\" decoding=\"async\" src=\"\/\/vilaplana.reyesit365.com\/wp-content\/uploads\/2020\/05\/Captura-de-pantalla-2020-05-08-a-las-11.26.08.png\" title=\"Captura de pantalla 2020-05-08 a las 11.26.08\" width=\"1894\" height=\"883\" class=\"rev-slidebg\" data-no-retina>\n\t\t\t\t\t\t\t<rs-bgvideo \n\t\t\t\t\t\t\t\tdata-video=\"w:100%;h:100%;nse:false;l:true;ptimer:false;\"\n\t\t\t\t\t\t\t\tdata-mp4=\"\/\/vilaplana.reyesit365.com\/wp-content\/uploads\/2020\/05\/Gears-5482.mp4\"\n\t\t\t\t\t\t\t><\/rs-bgvideo>\n<!--\n\t\t\t\t\t\t\t--><rs-layer\n\t\t\t\t\t\t\t\tid=\"slider-15-slide-64-layer-0\" \n\t\t\t\t\t\t\t\tdata-type=\"text\"\n\t\t\t\t\t\t\t\tdata-color=\"#773d0d\"\n\t\t\t\t\t\t\t\tdata-rsp_ch=\"on\"\n\t\t\t\t\t\t\t\tdata-xy=\"x:c;y:m;\"\n\t\t\t\t\t\t\t\tdata-text=\"w:normal;s:40,40,50,56;l:25,20,15,16;fw:700;a:center;\"\n\t\t\t\t\t\t\t\tdata-padding=\"t:20,17,20,23;r:20,17,20,23;b:20,17,20,23;l:20,17,20,23;\"\n\t\t\t\t\t\t\t\tdata-frame_0=\"x:left;\"\n\t\t\t\t\t\t\t\tdata-frame_1=\"sp:3000;\"\n\t\t\t\t\t\t\t\tdata-frame_999=\"o:0;st:w;\"\n\t\t\t\t\t\t\t\tstyle=\"z-index:5;background-color:rgba(255,255,255,0.33);font-family:Quattrocento;\"\n\t\t\t\t\t\t\t>TEAM \n\t\t\t\t\t\t\t<\/rs-layer><!--\n-->\t\t\t\t\t\t<\/rs-slide>\n\t\t\t\t\t<\/rs-slides>\n\t\t\t\t\t<rs-progress class=\"rs-bottom\" style=\"visibility: hidden !important;\"><\/rs-progress>\n\t\t\t\t<\/rs-module>\n\t\t\t\t<script type=\"text\/javascript\">\n\t\t\t\t\tsetREVStartSize({c: 'rev_slider_15_1',rl:[1240,1024,778,480],el:[600,500,460,420],gw:[1240,1024,778,880],gh:[600,500,460,420],type:'hero',justify:'',layout:'fullwidth',mh:\"0\"});\n\t\t\t\t\tvar\trevapi15,\n\t\t\t\t\t\ttpj;\n\t\t\t\t\tjQuery(function() {\n\t\t\t\t\t\ttpj = jQuery;\n\t\t\t\t\t\tif(tpj(\"#rev_slider_15_1\").revolution == undefined){\n\t\t\t\t\t\t\trevslider_showDoubleJqueryError(\"#rev_slider_15_1\");\n\t\t\t\t\t\t}else{\n\t\t\t\t\t\t\trevapi15 = tpj(\"#rev_slider_15_1\").show().revolution({\n\t\t\t\t\t\t\t\tsliderType:\"hero\",\n\t\t\t\t\t\t\t\tjsFileLocation:\"\/\/vilaplana.reyesit365.com\/wp-content\/plugins\/revslider\/public\/assets\/js\/\",\n\t\t\t\t\t\t\t\tvisibilityLevels:\"1240,1024,778,480\",\n\t\t\t\t\t\t\t\tgridwidth:\"1240,1024,778,880\",\n\t\t\t\t\t\t\t\tgridheight:\"600,500,460,420\",\n\t\t\t\t\t\t\t\tspinner:\"spinner0\",\n\t\t\t\t\t\t\t\teditorheight:\"600,500,460,420\",\n\t\t\t\t\t\t\t\tresponsiveLevels:\"1240,1024,778,480\",\n\t\t\t\t\t\t\t\tdisableProgressBar:\"on\",\n\t\t\t\t\t\t\t\tnavigation: {\n\t\t\t\t\t\t\t\t\tonHoverStop:false\n\t\t\t\t\t\t\t\t},\n\t\t\t\t\t\t\t\tfallbacks: {\n\t\t\t\t\t\t\t\t\tallowHTML5AutoPlayOnAndroid:true\n\t\t\t\t\t\t\t\t},\n\t\t\t\t\t\t\t});\n\t\t\t\t\t\t}\n\t\t\t\t\t\t\n\t\t\t\t\t});\n\t\t\t\t<\/script>\n\t\t\t<\/rs-module-wrap>\n\t\t\t<!-- END REVOLUTION SLIDER -->\n[\/vc_column][\/vc_row][vc_row css_animation=&#8221;&#8221; row_type=&#8221;row&#8221; use_row_as_full_screen_section=&#8221;no&#8221; type=&#8221;grid&#8221; angled_section=&#8221;no&#8221; text_align=&#8221;left&#8221; background_image_as_pattern=&#8221;without_pattern&#8221; padding_top=&#8221;72&#8243; padding_bottom=&#8221;71&#8243; background_color=&#8221;#ffffff&#8221;][vc_column][vc_row_inner row_type=&#8221;row&#8221; type=&#8221;full_width&#8221; text_align=&#8221;left&#8221; css_animation=&#8221;&#8221;][vc_column_inner width=&#8221;1\/2&#8243;][vc_single_image image=&#8221;16194&#8243; img_size=&#8221;full&#8221; alignment=&#8221;center&#8221; qode_css_animation=&#8221;element_from_fade&#8221; transition_delay=&#8221;0.2&#8243;][vc_separator type=&#8221;normal&#8221; up=&#8221;48&#8243; color=&#8221;#ffffff&#8221;][vc_column_text]<\/p>\n<h5 style=\"text-align: center;\"><strong>IV\u00c1N RODRIGUEZ P\u00c9REZ<\/strong><\/h5>\n<p>[\/vc_column_text][vc_separator type=&#8221;normal&#8221; up=&#8221;48&#8243; color=&#8221;#ffffff&#8221;][vc_column_text css=&#8221;.vc_custom_1589463577777{margin-right: 5px !important;margin-left: 5px !important;}&#8221;]<\/p>\n<p style=\"text-align: justify;\">Laurea in Giurisprudenza presso <em>l&#8217;Universit\u00e0 Pubblica dei Paesi Baschi.<\/em><\/p>\n<p>&nbsp;<\/p>\n<p style=\"text-align: justify;\">Master in Consulenza Legale Aziendale presso <em>l&#8217;Universit\u00e0 di Deusto.<\/em><\/p>\n<p>&nbsp;<\/p>\n<p style=\"text-align: justify;\">Diploma in corso di specializzazione in arbitrato delle Illustri Associazioni degli Avvocati di Madrid, Barcellona, \u200b\u200bMalaga, Valencia e Bizkaia.<\/p>\n<p>[\/vc_column_text][vc_separator type=&#8221;transparent&#8221; up=&#8221;48&#8243; down=&#8221;0&#8243;][\/vc_column_inner][vc_column_inner width=&#8221;1\/2&#8243;][vc_single_image image=&#8221;16190&#8243; img_size=&#8221;full&#8221; alignment=&#8221;center&#8221; qode_css_animation=&#8221;element_from_fade&#8221; transition_delay=&#8221;0.3&#8243;][vc_separator type=&#8221;normal&#8221; up=&#8221;48&#8243; color=&#8221;#ffffff&#8221;][vc_column_text]<\/p>\n<h5 style=\"text-align: center;\"><strong>MAR\u00cdA LAFUENTE DUO<\/strong><\/h5>\n<p>[\/vc_column_text][vc_separator type=&#8221;normal&#8221; up=&#8221;48&#8243; color=&#8221;#ffffff&#8221;][vc_column_text css=&#8221;.vc_custom_1589463598275{margin-left: 10px !important;}&#8221;]Laurea in Giurisprudenza con specializzazione economica presso <em>l&#8217;Universit\u00e0 di Deusto.<\/em><\/p>\n<p>&nbsp;<\/p>\n<p>Master presso la School of Legal Practice del Ilustre Colegio de Abogados del Se\u00f1or\u00edo de Bizkaia.[\/vc_column_text][vc_separator type=&#8221;transparent&#8221; up=&#8221;48&#8243; down=&#8221;0&#8243;][\/vc_column_inner][\/vc_row_inner][vc_empty_space height=&#8221;80px&#8221;][vc_row_inner row_type=&#8221;row&#8221; type=&#8221;full_width&#8221; text_align=&#8221;left&#8221; css_animation=&#8221;&#8221;][vc_column_inner width=&#8221;1\/2&#8243;][vc_single_image image=&#8221;16197&#8243; img_size=&#8221;full&#8221; alignment=&#8221;center&#8221; qode_css_animation=&#8221;element_from_fade&#8221; transition_delay=&#8221;0.5&#8243;][vc_separator type=&#8221;normal&#8221; up=&#8221;48&#8243; color=&#8221;#ffffff&#8221;][vc_column_text]<\/p>\n<h5 style=\"text-align: center;\"><strong>PAULA GUTI\u00c9RREZ BENITO<\/strong><\/h5>\n<p>[\/vc_column_text][vc_separator type=&#8221;normal&#8221; up=&#8221;48&#8243; color=&#8221;#ffffff&#8221;][vc_column_text]Laurea in Giurisprudenza in specializzazione privata presso <em>l&#8217;Universit\u00e0 di Deusto.<\/em><\/p>\n<p>&nbsp;<\/p>\n<p>Master presso la School of Legal Practice &#8220;Pedro Ibarretxe&#8221; per la pratica della legge nella sua Modalit\u00e0 Esclusiva, presso Ilustre Colegio de Abogados del Se\u00f1or\u00edo de Bizkaia.[\/vc_column_text][vc_separator type=&#8221;transparent&#8221; up=&#8221;48&#8243; down=&#8221;0&#8243;][\/vc_column_inner][vc_column_inner width=&#8221;1\/2&#8243;][vc_single_image image=&#8221;16202&#8243; img_size=&#8221;full&#8221; alignment=&#8221;center&#8221; qode_css_animation=&#8221;element_from_fade&#8221; transition_delay=&#8221;0.6&#8243;][vc_separator type=&#8221;normal&#8221; up=&#8221;48&#8243; color=&#8221;#ffffff&#8221;][vc_column_text]<\/p>\n<h5 style=\"text-align: center;\"><strong>ROBERTO S\u00c1NCHEZ SANTOS<\/strong><\/h5>\n<p>[\/vc_column_text][vc_separator type=&#8221;normal&#8221; up=&#8221;48&#8243; color=&#8221;#ffffff&#8221;][vc_column_text]Laurea in Giurisprudenza presso <em>l&#8217;Universit\u00e0 di Deusto.<\/em><\/p>\n<p>&nbsp;<\/p>\n<p>Diploma in Studi Cooperativi, presso l&#8217;Istituto di Studi Cooperativi dell&#8217;Universit\u00e0 di Deusto.<\/p>\n<p>&nbsp;<\/p>\n<p>Master in Direzione e gestione delle Risorse Umane presso il Centro de Estudios Financieros (Madrid).[\/vc_column_text][vc_separator type=&#8221;transparent&#8221; up=&#8221;48&#8243; down=&#8221;0&#8243;][\/vc_column_inner][\/vc_row_inner][vc_empty_space height=&#8221;80px&#8221;][\/vc_column][\/vc_row][vc_row css_animation=&#8221;&#8221; row_type=&#8221;row&#8221; use_row_as_full_screen_section=&#8221;no&#8221; type=&#8221;grid&#8221; angled_section=&#8221;no&#8221; text_align=&#8221;center&#8221; background_image_as_pattern=&#8221;without_pattern&#8221; padding_top=&#8221;102&#8243; el_class=&#8221;icon_border&#8221; padding_bottom=&#8221;0&#8243; z_index=&#8221;&#8221; background_image=&#8221;17315&#8243;][vc_column][vc_row_inner row_type=&#8221;row&#8221; type=&#8221;full_width&#8221; text_align=&#8221;left&#8221; css_animation=&#8221;&#8221;][vc_column_inner][vc_empty_space height=&#8221;400px&#8221;][\/vc_column_inner][\/vc_row_inner][\/vc_column][\/vc_row]<\/p>\n","protected":false},"excerpt":{"rendered":"<p>[vc_row css_animation=&#8221;&#8221; row_type=&#8221;row&#8221; use_row_as_full_screen_section=&#8221;no&#8221; type=&#8221;full_width&#8221; angled_section=&#8221;no&#8221; text_align=&#8221;left&#8221; background_image_as_pattern=&#8221;without_pattern&#8221;][vc_column][\/vc_column][\/vc_row][vc_row css_animation=&#8221;&#8221; row_type=&#8221;row&#8221; use_row_as_full_screen_section=&#8221;no&#8221; type=&#8221;grid&#8221; angled_section=&#8221;no&#8221; text_align=&#8221;left&#8221; background_image_as_pattern=&#8221;without_pattern&#8221; padding_top=&#8221;72&#8243; padding_bottom=&#8221;71&#8243; background_color=&#8221;#ffffff&#8221;][vc_column][vc_row_inner row_type=&#8221;row&#8221; type=&#8221;full_width&#8221; text_align=&#8221;left&#8221; css_animation=&#8221;&#8221;][vc_column_inner width=&#8221;1\/2&#8243;][vc_single_image image=&#8221;16194&#8243; img_size=&#8221;full&#8221; alignment=&#8221;center&#8221; qode_css_animation=&#8221;element_from_fade&#8221; transition_delay=&#8221;0.2&#8243;][vc_separator type=&#8221;normal&#8221; up=&#8221;48&#8243; color=&#8221;#ffffff&#8221;][vc_column_text] IV\u00c1N RODRIGUEZ P\u00c9REZ [\/vc_column_text][vc_separator type=&#8221;normal&#8221; up=&#8221;48&#8243; color=&#8221;#ffffff&#8221;][vc_column_text css=&#8221;.vc_custom_1589463577777{margin-right: 5px !important;margin-left: 5px !important;}&#8221;] Laurea in&#8230;<\/p>\n","protected":false},"author":1,"featured_media":0,"parent":0,"menu_order":0,"comment_status":"open","ping_status":"open","template":"full_width.php","meta":{"footnotes":""},"class_list":["post-17114","page","type-page","status-publish","hentry"],"yoast_head":"<!-- This site is optimized with the Yoast SEO plugin v26.5 - https:\/\/yoast.com\/wordpress\/plugins\/seo\/ -->\n<title>TEAM | Mendez-Vilaplana<\/title>\n<meta name=\"robots\" content=\"index, follow, max-snippet:-1, max-image-preview:large, max-video-preview:-1\" \/>\n<link rel=\"canonical\" href=\"https:\/\/vilaplana.reyesit365.com\/equipo\/\" \/>\n<meta property=\"og:locale\" content=\"it_IT\" \/>\n<meta property=\"og:type\" content=\"article\" \/>\n<meta property=\"og:title\" content=\"TEAM | Mendez-Vilaplana\" \/>\n<meta property=\"og:description\" content=\"[vc_row css_animation=&#8221;&#8221; row_type=&#8221;row&#8221; use_row_as_full_screen_section=&#8221;no&#8221; type=&#8221;full_width&#8221; angled_section=&#8221;no&#8221; text_align=&#8221;left&#8221; background_image_as_pattern=&#8221;without_pattern&#8221;][vc_column][\/vc_column][\/vc_row][vc_row css_animation=&#8221;&#8221; row_type=&#8221;row&#8221; use_row_as_full_screen_section=&#8221;no&#8221; type=&#8221;grid&#8221; angled_section=&#8221;no&#8221; text_align=&#8221;left&#8221; background_image_as_pattern=&#8221;without_pattern&#8221; padding_top=&#8221;72&#8243; padding_bottom=&#8221;71&#8243; background_color=&#8221;#ffffff&#8221;][vc_column][vc_row_inner row_type=&#8221;row&#8221; type=&#8221;full_width&#8221; text_align=&#8221;left&#8221; css_animation=&#8221;&#8221;][vc_column_inner width=&#8221;1\/2&#8243;][vc_single_image image=&#8221;16194&#8243; img_size=&#8221;full&#8221; alignment=&#8221;center&#8221; qode_css_animation=&#8221;element_from_fade&#8221; transition_delay=&#8221;0.2&#8243;][vc_separator type=&#8221;normal&#8221; up=&#8221;48&#8243; color=&#8221;#ffffff&#8221;][vc_column_text] IV\u00c1N RODRIGUEZ P\u00c9REZ [\/vc_column_text][vc_separator type=&#8221;normal&#8221; up=&#8221;48&#8243; color=&#8221;#ffffff&#8221;][vc_column_text css=&#8221;.vc_custom_1589463577777{margin-right: 5px !important;margin-left: 5px !important;}&#8221;] Laurea in...\" \/>\n<meta property=\"og:url\" content=\"https:\/\/vilaplana.reyesit365.com\/equipo\/\" \/>\n<meta property=\"og:site_name\" content=\"Mendez-Vilaplana\" \/>\n<meta property=\"article:modified_time\" content=\"2023-03-21T15:44:10+00:00\" \/>\n<meta name=\"twitter:card\" content=\"summary_large_image\" \/>\n<meta name=\"twitter:label1\" content=\"Est. reading time\" \/>\n\t<meta name=\"twitter:data1\" content=\"3 minutes\" \/>\n<script type=\"application\/ld+json\" class=\"yoast-schema-graph\">{\"@context\":\"https:\/\/schema.org\",\"@graph\":[{\"@type\":\"WebPage\",\"@id\":\"https:\/\/vilaplana.reyesit365.com\/equipo\/\",\"url\":\"https:\/\/vilaplana.reyesit365.com\/equipo\/\",\"name\":\"TEAM | Mendez-Vilaplana\",\"isPartOf\":{\"@id\":\"https:\/\/vilaplana.reyesit365.com\/#website\"},\"datePublished\":\"2014-05-21T07:29:30+00:00\",\"dateModified\":\"2023-03-21T15:44:10+00:00\",\"breadcrumb\":{\"@id\":\"https:\/\/vilaplana.reyesit365.com\/equipo\/#breadcrumb\"},\"inLanguage\":\"it-IT\",\"potentialAction\":[{\"@type\":\"ReadAction\",\"target\":[\"https:\/\/vilaplana.reyesit365.com\/equipo\/\"]}]},{\"@type\":\"BreadcrumbList\",\"@id\":\"https:\/\/vilaplana.reyesit365.com\/equipo\/#breadcrumb\",\"itemListElement\":[{\"@type\":\"ListItem\",\"position\":1,\"name\":\"Portada\",\"item\":\"https:\/\/vilaplana.reyesit365.com\/it\/\"},{\"@type\":\"ListItem\",\"position\":2,\"name\":\"TEAM\"}]},{\"@type\":\"WebSite\",\"@id\":\"https:\/\/vilaplana.reyesit365.com\/#website\",\"url\":\"https:\/\/vilaplana.reyesit365.com\/\",\"name\":\"Mendez-Vilaplana, Estudio Jur\u00eddico\",\"description\":\"Estudio Jur\u00eddico\",\"publisher\":{\"@id\":\"https:\/\/vilaplana.reyesit365.com\/#organization\"},\"potentialAction\":[{\"@type\":\"SearchAction\",\"target\":{\"@type\":\"EntryPoint\",\"urlTemplate\":\"https:\/\/vilaplana.reyesit365.com\/?s={search_term_string}\"},\"query-input\":{\"@type\":\"PropertyValueSpecification\",\"valueRequired\":true,\"valueName\":\"search_term_string\"}}],\"inLanguage\":\"it-IT\"},{\"@type\":\"Organization\",\"@id\":\"https:\/\/vilaplana.reyesit365.com\/#organization\",\"name\":\"Mendez - Vilaplana\",\"url\":\"https:\/\/vilaplana.reyesit365.com\/\",\"logo\":{\"@type\":\"ImageObject\",\"inLanguage\":\"it-IT\",\"@id\":\"https:\/\/vilaplana.reyesit365.com\/#\/schema\/logo\/image\/\",\"url\":\"https:\/\/vilaplana.reyesit365.com\/wp-content\/uploads\/2020\/05\/hhj.jpg\",\"contentUrl\":\"https:\/\/vilaplana.reyesit365.com\/wp-content\/uploads\/2020\/05\/hhj.jpg\",\"width\":794,\"height\":202,\"caption\":\"Mendez - Vilaplana\"},\"image\":{\"@id\":\"https:\/\/vilaplana.reyesit365.com\/#\/schema\/logo\/image\/\"}}]}<\/script>\n<!-- \/ Yoast SEO plugin. -->","yoast_head_json":{"title":"TEAM | Mendez-Vilaplana","robots":{"index":"index","follow":"follow","max-snippet":"max-snippet:-1","max-image-preview":"max-image-preview:large","max-video-preview":"max-video-preview:-1"},"canonical":"https:\/\/vilaplana.reyesit365.com\/equipo\/","og_locale":"it_IT","og_type":"article","og_title":"TEAM | Mendez-Vilaplana","og_description":"[vc_row css_animation=&#8221;&#8221; row_type=&#8221;row&#8221; use_row_as_full_screen_section=&#8221;no&#8221; type=&#8221;full_width&#8221; angled_section=&#8221;no&#8221; text_align=&#8221;left&#8221; background_image_as_pattern=&#8221;without_pattern&#8221;][vc_column][\/vc_column][\/vc_row][vc_row css_animation=&#8221;&#8221; row_type=&#8221;row&#8221; use_row_as_full_screen_section=&#8221;no&#8221; type=&#8221;grid&#8221; angled_section=&#8221;no&#8221; text_align=&#8221;left&#8221; background_image_as_pattern=&#8221;without_pattern&#8221; padding_top=&#8221;72&#8243; padding_bottom=&#8221;71&#8243; background_color=&#8221;#ffffff&#8221;][vc_column][vc_row_inner row_type=&#8221;row&#8221; type=&#8221;full_width&#8221; text_align=&#8221;left&#8221; css_animation=&#8221;&#8221;][vc_column_inner width=&#8221;1\/2&#8243;][vc_single_image image=&#8221;16194&#8243; img_size=&#8221;full&#8221; alignment=&#8221;center&#8221; qode_css_animation=&#8221;element_from_fade&#8221; transition_delay=&#8221;0.2&#8243;][vc_separator type=&#8221;normal&#8221; up=&#8221;48&#8243; color=&#8221;#ffffff&#8221;][vc_column_text] IV\u00c1N RODRIGUEZ P\u00c9REZ [\/vc_column_text][vc_separator type=&#8221;normal&#8221; up=&#8221;48&#8243; color=&#8221;#ffffff&#8221;][vc_column_text css=&#8221;.vc_custom_1589463577777{margin-right: 5px !important;margin-left: 5px !important;}&#8221;] Laurea in...","og_url":"https:\/\/vilaplana.reyesit365.com\/equipo\/","og_site_name":"Mendez-Vilaplana","article_modified_time":"2023-03-21T15:44:10+00:00","twitter_card":"summary_large_image","twitter_misc":{"Est. reading time":"3 minutes"},"schema":{"@context":"https:\/\/schema.org","@graph":[{"@type":"WebPage","@id":"https:\/\/vilaplana.reyesit365.com\/equipo\/","url":"https:\/\/vilaplana.reyesit365.com\/equipo\/","name":"TEAM | Mendez-Vilaplana","isPartOf":{"@id":"https:\/\/vilaplana.reyesit365.com\/#website"},"datePublished":"2014-05-21T07:29:30+00:00","dateModified":"2023-03-21T15:44:10+00:00","breadcrumb":{"@id":"https:\/\/vilaplana.reyesit365.com\/equipo\/#breadcrumb"},"inLanguage":"it-IT","potentialAction":[{"@type":"ReadAction","target":["https:\/\/vilaplana.reyesit365.com\/equipo\/"]}]},{"@type":"BreadcrumbList","@id":"https:\/\/vilaplana.reyesit365.com\/equipo\/#breadcrumb","itemListElement":[{"@type":"ListItem","position":1,"name":"Portada","item":"https:\/\/vilaplana.reyesit365.com\/it\/"},{"@type":"ListItem","position":2,"name":"TEAM"}]},{"@type":"WebSite","@id":"https:\/\/vilaplana.reyesit365.com\/#website","url":"https:\/\/vilaplana.reyesit365.com\/","name":"Mendez-Vilaplana, Estudio Jur\u00eddico","description":"Estudio Jur\u00eddico","publisher":{"@id":"https:\/\/vilaplana.reyesit365.com\/#organization"},"potentialAction":[{"@type":"SearchAction","target":{"@type":"EntryPoint","urlTemplate":"https:\/\/vilaplana.reyesit365.com\/?s={search_term_string}"},"query-input":{"@type":"PropertyValueSpecification","valueRequired":true,"valueName":"search_term_string"}}],"inLanguage":"it-IT"},{"@type":"Organization","@id":"https:\/\/vilaplana.reyesit365.com\/#organization","name":"Mendez - Vilaplana","url":"https:\/\/vilaplana.reyesit365.com\/","logo":{"@type":"ImageObject","inLanguage":"it-IT","@id":"https:\/\/vilaplana.reyesit365.com\/#\/schema\/logo\/image\/","url":"https:\/\/vilaplana.reyesit365.com\/wp-content\/uploads\/2020\/05\/hhj.jpg","contentUrl":"https:\/\/vilaplana.reyesit365.com\/wp-content\/uploads\/2020\/05\/hhj.jpg","width":794,"height":202,"caption":"Mendez - Vilaplana"},"image":{"@id":"https:\/\/vilaplana.reyesit365.com\/#\/schema\/logo\/image\/"}}]}},"_links":{"self":[{"href":"https:\/\/vilaplana.reyesit365.com\/it\/wp-json\/wp\/v2\/pages\/17114","targetHints":{"allow":["GET"]}}],"collection":[{"href":"https:\/\/vilaplana.reyesit365.com\/it\/wp-json\/wp\/v2\/pages"}],"about":[{"href":"https:\/\/vilaplana.reyesit365.com\/it\/wp-json\/wp\/v2\/types\/page"}],"author":[{"embeddable":true,"href":"https:\/\/vilaplana.reyesit365.com\/it\/wp-json\/wp\/v2\/users\/1"}],"replies":[{"embeddable":true,"href":"https:\/\/vilaplana.reyesit365.com\/it\/wp-json\/wp\/v2\/comments?post=17114"}],"version-history":[{"count":8,"href":"https:\/\/vilaplana.reyesit365.com\/it\/wp-json\/wp\/v2\/pages\/17114\/revisions"}],"predecessor-version":[{"id":17349,"href":"https:\/\/vilaplana.reyesit365.com\/it\/wp-json\/wp\/v2\/pages\/17114\/revisions\/17349"}],"wp:attachment":[{"href":"https:\/\/vilaplana.reyesit365.com\/it\/wp-json\/wp\/v2\/media?parent=17114"}],"curies":[{"name":"wp","href":"https:\/\/api.w.org\/{rel}","templated":true}]}}